{"id":11180,"date":"2026-02-16T08:45:34","date_gmt":"2026-02-16T07:45:34","guid":{"rendered":"https:\/\/biblioteka.laziska.pl\/?page_id=11180"},"modified":"2026-03-02T08:38:40","modified_gmt":"2026-03-02T07:38:40","slug":"dzien-kobiet-jestem-silna","status":"publish","type":"page","link":"https:\/\/biblioteka.laziska.pl\/index.php\/dzien-kobiet-jestem-silna\/","title":{"rendered":"Dzie\u0144 Kobiet &#8211; Jestem silna!"},"content":{"rendered":"\n<p>\ud835\udc6b\ud835\udc9b\ud835\udc8a\ud835\udc86\ud835\udc8f\u0301 \ud835\udc72\ud835\udc90\ud835\udc83\ud835\udc8a\ud835\udc86\ud835\udc95 jakiego jeszcze nie by\u0142o \ud83d\udc97<\/p>\n\n\n\n<figure class=\"wp-block-image size-large is-resized\"><img decoding=\"async\" loading=\"lazy\" src=\"https:\/\/biblioteka.laziska.pl\/wp-content\/uploads\/2026\/02\/Dzien-Kobiet-2026-724x1024.png\" alt=\"\" class=\"wp-image-11183\" width=\"543\" height=\"768\" srcset=\"https:\/\/biblioteka.laziska.pl\/wp-content\/uploads\/2026\/02\/Dzien-Kobiet-2026-724x1024.png 724w, https:\/\/biblioteka.laziska.pl\/wp-content\/uploads\/2026\/02\/Dzien-Kobiet-2026-212x300.png 212w, https:\/\/biblioteka.laziska.pl\/wp-content\/uploads\/2026\/02\/Dzien-Kobiet-2026-768x1086.png 768w, https:\/\/biblioteka.laziska.pl\/wp-content\/uploads\/2026\/02\/Dzien-Kobiet-2026-1086x1536.png 1086w, https:\/\/biblioteka.laziska.pl\/wp-content\/uploads\/2026\/02\/Dzien-Kobiet-2026-1448x2048.png 1448w, https:\/\/biblioteka.laziska.pl\/wp-content\/uploads\/2026\/02\/Dzien-Kobiet-2026.png 1587w\" sizes=\"(max-width: 543px) 100vw, 543px\" \/><\/figure>\n\n\n\n<p>Ju\u017c 5 marca 2026 r. o godz. 17:30 w Miejskiej Bibliotece Publicznej w \u0141aziskach G\u00f3rnych odb\u0119dzie si\u0119 wyj\u0105tkowe wydarzenie dla Kobiet.<\/p>\n\n\n\n<p>W ramach og\u00f3lnopolskiej kampanii <strong>\u201eJestem silna!\u201d<\/strong>, organizowanej przez Stowarzyszenie <strong>Kobiety w Centrum<\/strong>, zapraszamy na warsztaty wzmacniaj\u0105ce pt.<br>\u201eNie bior\u0119 tego do siebie. Jak radzi\u0107 sobie z krytyk\u0105 i hejtem w internecie i \u017cyciu codziennym\u201d.<\/p>\n\n\n\n<p>To spotkanie b\u0119dzie przestrzeni\u0105 wsparcia, rozmowy i budowania pewno\u015bci siebie. Porozmawiamy o tym, jak stawia\u0107 granice, jak reagowa\u0107 na hejt i jak nie pozwoli\u0107, by cudze s\u0142owa odbiera\u0142y nam si\u0142\u0119.<\/p>\n\n\n\n<p>Po warsztatach zapraszamy na wyj\u0105tkowy <strong>Koncert przy \u015awiecach \u201eOd klasyki do rozrywki\u201d<\/strong> w wykonaniu <strong>Todo Art Trio<\/strong>.&nbsp;<\/p>\n\n\n\n<p>Podczas koncertu zaprosimy r\u00f3wnie\u017c na drobny pocz\u0119stunek \u2615\u2728<\/p>\n\n\n\n<p>\ud83d\udccd Miejsce: Miejska Biblioteka Publiczna w \u0141aziskach G\u00f3rnych<br>\ud83d\udcc5 5 marca 2026 r.<br>\ud83d\udd55 godz. 17:30<\/p>\n\n\n\n<p>\ud83c\udf9f Ilo\u015b\u0107 miejsc ograniczona \u2013 BRAK WOLNYCH MIEJSC<\/p>\n","protected":false},"excerpt":{"rendered":"<p>\ud835\udc6b\ud835\udc9b\ud835\udc8a\ud835\udc86\ud835\udc8f\u0301 \ud835\udc72\ud835\udc90\ud835\udc83\ud835\udc8a\ud835\udc86\ud835\udc95 jakiego jeszcze nie by\u0142o \ud83d\udc97 Ju\u017c 5 marca 2026 r. o godz. 17:30 w Miejskiej Bibliotece Publicznej w \u0141aziskach G\u00f3rnych odb\u0119dzie si\u0119 wyj\u0105tkowe<\/p>\n","protected":false},"author":1,"featured_media":0,"parent":0,"menu_order":0,"comment_status":"closed","ping_status":"closed","template":"","meta":{"ngg_post_thumbnail":0},"_links":{"self":[{"href":"https:\/\/biblioteka.laziska.pl\/index.php\/wp-json\/wp\/v2\/pages\/11180"}],"collection":[{"href":"https:\/\/biblioteka.laziska.pl\/index.php\/wp-json\/wp\/v2\/pages"}],"about":[{"href":"https:\/\/biblioteka.laziska.pl\/index.php\/wp-json\/wp\/v2\/types\/page"}],"author":[{"embeddable":true,"href":"https:\/\/biblioteka.laziska.pl\/index.php\/wp-json\/wp\/v2\/users\/1"}],"replies":[{"embeddable":true,"href":"https:\/\/biblioteka.laziska.pl\/index.php\/wp-json\/wp\/v2\/comments?post=11180"}],"version-history":[{"count":3,"href":"https:\/\/biblioteka.laziska.pl\/index.php\/wp-json\/wp\/v2\/pages\/11180\/revisions"}],"predecessor-version":[{"id":11409,"href":"https:\/\/biblioteka.laziska.pl\/index.php\/wp-json\/wp\/v2\/pages\/11180\/revisions\/11409"}],"wp:attachment":[{"href":"https:\/\/biblioteka.laziska.pl\/index.php\/wp-json\/wp\/v2\/media?parent=11180"}],"curies":[{"name":"wp","href":"https:\/\/api.w.org\/{rel}","templated":true}]}}