{"id":1278,"date":"2022-01-26T14:22:43","date_gmt":"2022-01-26T13:22:43","guid":{"rendered":"http:\/\/biblioteka.laziska.pl\/?page_id=1278"},"modified":"2022-01-26T14:46:22","modified_gmt":"2022-01-26T13:46:22","slug":"academica-cyfrowa-wypozyczalnia","status":"publish","type":"page","link":"https:\/\/biblioteka.laziska.pl\/index.php\/academica-cyfrowa-wypozyczalnia\/","title":{"rendered":"Academica &#8211; cyfrowa wypo\u017cyczalnia"},"content":{"rendered":"\n<figure class=\"wp-block-image size-full is-resized\"><img decoding=\"async\" loading=\"lazy\" src=\"http:\/\/biblioteka.laziska.pl\/wp-content\/uploads\/2022\/01\/logo.png\" alt=\"Academica Wypo\u017cyczalnia - logo projektu\" class=\"wp-image-1280\" width=\"524\" height=\"115\" srcset=\"https:\/\/biblioteka.laziska.pl\/wp-content\/uploads\/2022\/01\/logo.png 699w, https:\/\/biblioteka.laziska.pl\/wp-content\/uploads\/2022\/01\/logo-300x66.png 300w\" sizes=\"(max-width: 524px) 100vw, 524px\" \/><\/figure>\n\n\n\n<p>Darmowa wypo\u017cyczalnia Academica zast\u0119puje tradycyjn\u0105 wypo\u017cyczalni\u0119 mi\u0119dzybiblioteczn\u0105 i umo\u017cliwia korzystanie ze zbior\u00f3w cyfrowych Biblioteki Narodowej. U\u017cytkownicy maj\u0105 mo\u017cliwo\u015b\u0107 dost\u0119pu do ponad 2,5 miliona publikacji ze wszystkich dziedzin wiedzy, r\u00f3wnie\u017c najnowszych, obj\u0119tych ochron\u0105 prawa autorskiego. Z systemu mog\u0105 korzysta\u0107 nie tylko biblioteki uniwersyteckie, ale r\u00f3wnie\u017c miejskie i szkolne, dzi\u0119ki czemu studenci i uczniowie maj\u0105 u\u0142atwiony dost\u0119p do materia\u0142\u00f3w potrzebnych do uczenia si\u0119, przygotowania do olimpiad przedmiotowych czy pisania prac licencjackich i magisterskich. System pozwala na przeszukiwanie zasob\u00f3w, rezerwacj\u0119, wy\u015bwietlanie i tworzenie notatek do publikacji.<\/p>\n\n\n\n<p>W naszej bibliotece dost\u0119p do systemu Academica mo\u017cliwy jest wy\u0142\u0105cznie na wydzielonym terminalu w Czytelni dla Doros\u0142ych, korzysta\u0107 z niego mog\u0105 nasi zarejestrowani czytelnicy. Po zarejestrowaniu w systemie u\u017cytkownik otrzymuje indywidualne dane dost\u0119powe, za pomoc\u0105 kt\u00f3rych mo\u017ce logowa\u0107 si\u0119 do systemu Academica na terminalu w Czytelni, a tak\u017ce dokonywa\u0107 na dowolnym komputerze z dost\u0119pem do Internetu rezerwacji wybranych publikacji w systemie.<\/p>\n\n\n\n<p>Wi\u0119cej informacji mo\u017cna znale\u017a\u0107 w <a rel=\"noreferrer noopener\" href=\"https:\/\/academica.edu.pl\/static\/Podrecznik-czytelnika-CWPN-Academica.pdf\" target=\"_blank\">podr\u0119czniku czytelnika Academiki<\/a>.<br>Prosimy r\u00f3wnie\u017c o zapoznanie si\u0119 z <a href=\"https:\/\/academica.edu.pl\/static\/Regulamin-uzytkownika-Academica.pdf\" target=\"_blank\" rel=\"noreferrer noopener\">regulaminem u\u017cytkownika Academiki<\/a>.<\/p>\n\n\n\n<p>Zapraszamy serdecznie!<\/p>\n\n\n\n<div class=\"wp-block-columns is-layout-flex wp-container-2\">\n<div class=\"wp-block-column is-layout-flow\" style=\"flex-basis:100%\">\n<figure class=\"wp-block-image size-full is-resized\"><img decoding=\"async\" loading=\"lazy\" src=\"http:\/\/biblioteka.laziska.pl\/wp-content\/uploads\/2022\/01\/Academica-2.png\" alt=\"Academica Wypo\u017cyczalnia - informacja o projekcie\" class=\"wp-image-1286\" width=\"705\" height=\"591\" srcset=\"https:\/\/biblioteka.laziska.pl\/wp-content\/uploads\/2022\/01\/Academica-2.png 940w, https:\/\/biblioteka.laziska.pl\/wp-content\/uploads\/2022\/01\/Academica-2-300x251.png 300w, https:\/\/biblioteka.laziska.pl\/wp-content\/uploads\/2022\/01\/Academica-2-768x644.png 768w\" sizes=\"(max-width: 705px) 100vw, 705px\" \/><\/figure>\n<\/div>\n<\/div>\n","protected":false},"excerpt":{"rendered":"<p>Darmowa wypo\u017cyczalnia Academica zast\u0119puje tradycyjn\u0105 wypo\u017cyczalni\u0119 mi\u0119dzybiblioteczn\u0105 i umo\u017cliwia korzystanie ze zbior\u00f3w cyfrowych Biblioteki Narodowej. U\u017cytkownicy maj\u0105 mo\u017cliwo\u015b\u0107 dost\u0119pu do ponad 2,5 miliona publikacji ze<\/p>\n","protected":false},"author":3,"featured_media":0,"parent":0,"menu_order":0,"comment_status":"closed","ping_status":"closed","template":"","meta":{"ngg_post_thumbnail":0},"_links":{"self":[{"href":"https:\/\/biblioteka.laziska.pl\/index.php\/wp-json\/wp\/v2\/pages\/1278"}],"collection":[{"href":"https:\/\/biblioteka.laziska.pl\/index.php\/wp-json\/wp\/v2\/pages"}],"about":[{"href":"https:\/\/biblioteka.laziska.pl\/index.php\/wp-json\/wp\/v2\/types\/page"}],"author":[{"embeddable":true,"href":"https:\/\/biblioteka.laziska.pl\/index.php\/wp-json\/wp\/v2\/users\/3"}],"replies":[{"embeddable":true,"href":"https:\/\/biblioteka.laziska.pl\/index.php\/wp-json\/wp\/v2\/comments?post=1278"}],"version-history":[{"count":5,"href":"https:\/\/biblioteka.laziska.pl\/index.php\/wp-json\/wp\/v2\/pages\/1278\/revisions"}],"predecessor-version":[{"id":1289,"href":"https:\/\/biblioteka.laziska.pl\/index.php\/wp-json\/wp\/v2\/pages\/1278\/revisions\/1289"}],"wp:attachment":[{"href":"https:\/\/biblioteka.laziska.pl\/index.php\/wp-json\/wp\/v2\/media?parent=1278"}],"curies":[{"name":"wp","href":"https:\/\/api.w.org\/{rel}","templated":true}]}}