{"id":208,"date":"2021-11-05T13:08:15","date_gmt":"2021-11-05T13:08:15","guid":{"rendered":"http:\/\/olkgohoixa.cfolks.pl\/?page_id=208"},"modified":"2026-03-12T08:54:05","modified_gmt":"2026-03-12T07:54:05","slug":"deklaracja-dostepnosci","status":"publish","type":"page","link":"https:\/\/biblioteka.laziska.pl\/index.php\/deklaracja-dostepnosci\/","title":{"rendered":"Deklaracja dost\u0119pno\u015bci"},"content":{"rendered":"<h2>Wst\u0119p Deklaracji<\/h2>\n<p id=\"a11y-wstep\"><span id=\"a11y-podmiot\">Miejska Biblioteka Publiczna<\/span> zobowi\u0105zuje si\u0119 zapewni\u0107 dost\u0119pno\u015b\u0107 swojej strony internetowej zgodnie z przepisami ustawy z dnia 4 kwietnia 2019 r. o dost\u0119pno\u015bci cyfrowej stron internetowych i aplikacji mobilnych podmiot\u00f3w publicznych. Deklaracja dost\u0119pno\u015bci dotyczy strony internetowej <a href=\"http:\/\/biblioteka.laziska.pl\/\"><span id=\"a11y-url\">Miejskiej Biblioteki Publicznej w \u0141aziskach G\u00f3rnych<\/span><\/a>.<\/p>\n<ul>\n<li>Data publikacji strony internetowej: <time id=\"a11y-data-publikacja\">10 listopada 2021 r.<\/time><\/li>\n<li>Data ostatniej istotnej aktualizacji: <time id=\"a11y-data-aktualizacja\">5 stycznia 2023 r.<\/time><\/li>\n<\/ul>\n<h2>Stan dost\u0119pno\u015bci cyfrowej<\/h2>\n<p id=\"a11-status\"><b>Ta strona internetowa jest cz\u0119\u015bciowo zgodna<\/b> za\u0142\u0105cznikiem do ustawy o dost\u0119pno\u015bci cyfrowej z dnia 4 kwietnia 2019 r. o dost\u0119pno\u015bci cyfrowej stron internetowych i aplikacji mobilnych podmiot\u00f3w publicznych z powodu niezgodno\u015bci i wy\u0142\u0105cze\u0144 wymienionych poni\u017cej.<\/p>\n<h2>Niedost\u0119pne tre\u015bci<\/h2>\n<ul>\n<li>Cz\u0119\u015b\u0107 plik\u00f3w i podstron nie jest w pe\u0142ni dost\u0119pna (mo\u017ce brakowa\u0107 opis\u00f3w alternatywnych grafik, niekt\u00f3re dokumenty nie s\u0105 dost\u0119pne cyfrowo). Je\u015bli potrzebujesz kt\u00f3rego\u015b z nich w formie dost\u0119pnej, skontaktuj si\u0119 z nami i wska\u017c, o kt\u00f3ry dokument chodzi.<\/li>\n<li>Brak ostrze\u017cenia przed otwarciem nowego okna w przegl\u0105darce.<\/li>\n<li>Na stronie jest element, kt\u00f3rego ruchu nie da si\u0119 zatrzyma\u0107.<\/li>\n<\/ul>\n<h2>Przygotowanie deklaracji dost\u0119pno\u015bci i jej aktualizacja<\/h2>\n<ul>\n<li>Data sporz\u0105dzenia deklaracji: <time id=\"a11y-data-sporz\u0105dzenie\" datetime=\"\u201d2021-10-12\u201d\">12 pa\u017adziernika 2021 r.<\/time><\/li>\n<li>Data ostatniego przegl\u0105du deklaracji: <time id=\"a11y-data-przeglad\" datetime=\"\u201d2026-03-11\u201d\">11 marca 2026 r.<\/time><\/li>\n<\/ul>\n<p>Deklaracj\u0119 sporz\u0105dzono na podstawie samooceny w oparciu o <a href=\"https:\/\/www.gov.pl\/attachment\/1a3e2bb5-6d60-4897-ac2f-\n07a8e91e70ed\">List\u0119 kontroln\u0105 do badania dost\u0119pno\u015bci cyfrowej strony internetowej v. 2.2<\/a><\/p>\n<h2>Skr\u00f3ty klawiaturowe<\/h2>\n<p>Na stronie internetowej mo\u017cna u\u017cywa\u0107 standardowych skr\u00f3t\u00f3w klawiaturowych przegl\u0105darki.<\/p>\n<h2>Informacje zwrotne i dane kontaktowe<\/h2>\n<p>W przypadku problem\u00f3w z dost\u0119pno\u015bci\u0105 strony internetowej prosimy o kontakt. Osob\u0105 kontaktow\u0105 jest <span id=\"a11y-kontakt\">Anna Wileczek<\/span>, <span id=\"a11y-email\">biblioteka@biblioteka.laziska.pl<\/span>. Kontaktowa\u0107 mo\u017cna si\u0119 tak\u017ce dzwoni\u0105c na numer telefonu 32 2241 412.<\/p>\n<p>Ka\u017cdy ma prawo do wyst\u0105pienia z \u017c\u0105daniem zapewnienia dost\u0119pno\u015bci cyfrowej strony internetowej lub jej element\u00f3w. Mo\u017cna tak\u017ce za\u017c\u0105da\u0107 udost\u0119pnienia informacji w formach alternatywnych, na przyk\u0142ad odczytanie niedost\u0119pnego cyfrowo dokumentu, opisania zawarto\u015bci filmu bez audiodeskrypcji itp.<\/p>\n<p>Zg\u0142aszaj\u0105c takie \u017c\u0105danie podaj:<\/p>\n<ul>\n<li>swoje imi\u0119 i nazwisko,<\/li>\n<li>swoje dane kontaktowe (np. numer telefonu, e-mail),<\/li>\n<li>dok\u0142adny adres strony internetowej, na kt\u00f3rej jest niedost\u0119pny cyfrowo element lub tre\u015b\u0107,<\/li>\n<li>opis, na czym polega problem i jaki spos\u00f3b jego rozwi\u0105zania b\u0119dzie najdogodniejszy.<\/li>\n<\/ul>\n<p>Na zg\u0142oszenie odpowiemy jak najszybciej, nie p\u00f3\u017aniej ni\u017c w ci\u0105gu 7 dni od dnia jego otrzymania.<\/p>\n<p>&nbsp;<\/p>\n<p>Je\u017celi dotrzymanie tego terminu nie b\u0119dzie mo\u017cliwe, niezw\u0142ocznie poinformujemy o tym. W tej informacji podamy r\u00f3wnie\u017c nowy termin, do kt\u00f3rego poprawimy zg\u0142oszone b\u0142\u0119dy lub przygotujemy informacj\u0119 w alternatywny spos\u00f3b. Nowy termin nie b\u0119dzie by\u0107 d\u0142u\u017cszy ni\u017c 2 miesi\u0105ce od dnia wyst\u0105pienia z \u017c\u0105daniem.<\/p>\n<p>Je\u017celi zapewnienie dost\u0119pno\u015bci cyfrowej wskazanej tre\u015bci nie b\u0119dzie mo\u017cliwe, zaproponujemy dost\u0119p do nich w alternatywny spos\u00f3b.<\/p>\n<h2>Obs\u0142uga wniosk\u00f3w i skarg zwi\u0105zanych z dost\u0119pno\u015bci\u0105<\/h2>\n<p id=\"a11y-procedura\">Je\u017celi w odpowiedzi na wniosek o zapewnienie dost\u0119pno\u015bci cyfrowej, odm\u00f3wimy zapewnienia \u017c\u0105danej dost\u0119pno\u015bci, wnosz\u0105cy \u017c\u0105danie mo\u017ce z\u0142o\u017cy\u0107 skarg\u0119. Skarg\u0119 mo\u017cna z\u0142o\u017cy\u0107 r\u00f3wnie\u017c wtedy, gdy nie ma zgody na skorzystanie z alternatywnego sposobu dost\u0119pu, kt\u00f3ry zaproponowali\u015bmy w odpowiedzi na wniosek o zapewnienie dost\u0119pno\u015bci cyfrowej.<\/p>\n<p>Ewentualn\u0105 skarg\u0119 mo\u017cna z\u0142o\u017cy\u0107 listownie lub mailem na adres:<\/p>\n<ul>\n<li>adres: Miejska Biblioteka Publiczna, ul. \u015aw. Jana Paw\u0142a II 1, 43-170 \u0141aziska G\u00f3rne,<\/li>\n<li>e-mail: biblioteka@biblioteka.laziska.pl<\/li>\n<\/ul>\n<p>&nbsp;<\/p>\n<p>Po wyczerpaniu wskazanej wy\u017cej procedury mo\u017cna tak\u017ce z\u0142o\u017cy\u0107 wniosek do <a href=\"https:\/\/bip.brpo.gov.pl\/\">Rzecznika Praw Obywatelskich<\/a>.<\/p>\n<h2>Pozosta\u0142e informacje<\/h2>\n<h3 id=\"a11y-architektura\">Dost\u0119pno\u015b\u0107 architektoniczna<\/h3>\n<h4><small>Centrala Miejskiej Biblioteki Publicznej, ul. \u015awi\u0119tego Jana Paw\u0142a II 1<\/small><\/h4>\n<p>Pomieszczenia dla u\u017cytkownik\u00f3w znajduj\u0105 si\u0119 na parterze, pierwszym pi\u0119trze oraz w piwnicy. Budynek jest wyposa\u017cony w wind\u0119 oraz platform\u0119 dla os\u00f3b niepe\u0142nosprawnych. Panel steruj\u0105cy w windzie posiada oznaczenia w alfabecie Braille&#8217;a. Toalety na parterze i pierwszym pi\u0119trze s\u0105 przystosowane dla os\u00f3b na w\u00f3zkach inwalidzkich. Do budynku mo\u017cna wej\u015b\u0107 z psem asystuj\u0105cym i psem przewodnikiem.<\/p>\n<p>Miejsce parkingowe dla os\u00f3b niepe\u0142nosprawnych znajduje si\u0119 na parkingu miejskim naprzeciwko biblioteki.<\/p>\n<h4><small>Filia nr 1, ul. Wyszy\u0144skiego 8<\/small><\/h4>\n<p>Filia nr 1 mie\u015bci si\u0119 na parterze budynku przy ul. Wyszy\u0144skiego 8. Dla potrzeb os\u00f3b na w\u00f3zkach dostosowane jest wej\u015bcie od ul. G\u0142owi\u0144skiego. Budynek jest wyposa\u017cony w platform\u0119 przyschodow\u0105 i toalet\u0119 przystosowan\u0105 dla os\u00f3b na w\u00f3zkach inwalidzkich. Do budynku mo\u017cna wej\u015b\u0107 z psem asystuj\u0105cym i psem przewodnikiem.<\/p>\n<p>Przed budynkiem wyznaczone jest miejsce parkingowe dla os\u00f3b niepe\u0142nosprawnych.<\/p>\n<h4><small>Filia nr 2, ul. Miko\u0142owska 25<\/small><\/h4>\n<p>Filia nr 2 mie\u015bci si\u0119 w parterowym budynku. Wej\u015bcie jest dostosowane do potrzeb os\u00f3b niepe\u0142nosprawnych. W budynku znajduje si\u0119 toaleta przystosowana dla os\u00f3b na w\u00f3zkach inwalidzkich. Do budynku mo\u017cna wej\u015b\u0107 z psem asystuj\u0105cym i psem przewodnikiem.<\/p>\n<p>Przed budynkiem wyznaczone jest miejsce parkingowe dla os\u00f3b niepe\u0142nosprawnych.<\/p>\n<h3 id=\"a11y-komunikacja\">Dost\u0119pno\u015b\u0107 komunikacyjno-informacyjna<\/h3>\n<h4><small>Centrala Miejskiej Biblioteki Publicznej, ul. \u015awi\u0119tego Jana Paw\u0142a II 1<\/small><\/h4>\n<p>W Sali studyjnej znajduje si\u0119 p\u0119tla indukcyjna. Na terenie plac\u00f3wki nie ma g\u0142o\u015bnik\u00f3w systemu naprowadzaj\u0105cego d\u017awi\u0119kowo osoby niewidome i s\u0142abowidz\u0105ce ani informacji g\u0142osowych, nie ma r\u00f3wnie\u017c mo\u017cliwo\u015bci skorzystania z t\u0142umacza j\u0119zyka migowego.<\/p>\n<h4><small>Filia nr 1, ul. Wyszy\u0144skiego 8<\/small><\/h4>\n<p>Na terenie plac\u00f3wki nie ma g\u0142o\u015bnik\u00f3w systemu naprowadzaj\u0105cego d\u017awi\u0119kowo osoby niewidome i s\u0142abowidz\u0105ce, informacji g\u0142osowych ani p\u0119tli indukcyjnych. Nie ma mo\u017cliwo\u015bci skorzystania z t\u0142umacza j\u0119zyka migowego.<\/p>\n<h4><small>Filia nr 2, ul. Miko\u0142owska 25<\/small><\/h4>\n<p>Na terenie plac\u00f3wki nie ma g\u0142o\u015bnik\u00f3w systemu naprowadzaj\u0105cego d\u017awi\u0119kowo osoby niewidome i s\u0142abowidz\u0105ce, informacji g\u0142osowych ani p\u0119tli indukcyjnych. Nie ma mo\u017cliwo\u015bci skorzystania z t\u0142umacza j\u0119zyka migowego.<\/p>\n","protected":false},"excerpt":{"rendered":"<p>Wst\u0119p Deklaracji Miejska Biblioteka Publiczna zobowi\u0105zuje si\u0119 zapewni\u0107 dost\u0119pno\u015b\u0107 swojej strony internetowej zgodnie z przepisami ustawy z dnia 4 kwietnia 2019 r. o dost\u0119pno\u015bci cyfrowej<\/p>\n","protected":false},"author":1,"featured_media":0,"parent":0,"menu_order":0,"comment_status":"closed","ping_status":"closed","template":"","meta":{"ngg_post_thumbnail":0},"_links":{"self":[{"href":"https:\/\/biblioteka.laziska.pl\/index.php\/wp-json\/wp\/v2\/pages\/208"}],"collection":[{"href":"https:\/\/biblioteka.laziska.pl\/index.php\/wp-json\/wp\/v2\/pages"}],"about":[{"href":"https:\/\/biblioteka.laziska.pl\/index.php\/wp-json\/wp\/v2\/types\/page"}],"author":[{"embeddable":true,"href":"https:\/\/biblioteka.laziska.pl\/index.php\/wp-json\/wp\/v2\/users\/1"}],"replies":[{"embeddable":true,"href":"https:\/\/biblioteka.laziska.pl\/index.php\/wp-json\/wp\/v2\/comments?post=208"}],"version-history":[{"count":9,"href":"https:\/\/biblioteka.laziska.pl\/index.php\/wp-json\/wp\/v2\/pages\/208\/revisions"}],"predecessor-version":[{"id":11566,"href":"https:\/\/biblioteka.laziska.pl\/index.php\/wp-json\/wp\/v2\/pages\/208\/revisions\/11566"}],"wp:attachment":[{"href":"https:\/\/biblioteka.laziska.pl\/index.php\/wp-json\/wp\/v2\/media?parent=208"}],"curies":[{"name":"wp","href":"https:\/\/api.w.org\/{rel}","templated":true}]}}