{"id":301,"date":"2021-11-05T17:30:41","date_gmt":"2021-11-05T17:30:41","guid":{"rendered":"http:\/\/olkgohoixa.cfolks.pl\/?page_id=301"},"modified":"2025-02-03T11:24:16","modified_gmt":"2025-02-03T10:24:16","slug":"klauzula-ogolna","status":"publish","type":"page","link":"https:\/\/biblioteka.laziska.pl\/index.php\/klauzula-ogolna\/","title":{"rendered":"Klauzula og\u00f3lna"},"content":{"rendered":"<div class=\"tresc\">\n<div class=\"tresc\">\n<p>&nbsp;<\/p>\n<h2>Informacja dotycz\u0105ca przetwarzania danych osobowych w&nbsp;Miejskiej Bibliotece Publicznej w&nbsp;\u0141aziskach G\u00f3rnych<\/h2>\n<h3>I. Administrator danych.<\/h3>\n<p>Administratorem Pani\/Pana danych osobowych jest Miejska Biblioteka Publiczna w \u0141aziskach G\u00f3rnych reprezentowana przez Dyrektora z siedzib\u0105 przy ul. \u015awi\u0119tego Jana Paw\u0142a II 1, 43-170 \u0141aziska G\u00f3rne.<br \/>\ntel. (32)&nbsp;224 14 12,<br \/>\ne-mail:&nbsp;<a href=\"mailto:biblioteka@biblioteka.laziska.pl\"><u>biblioteka@biblioteka.laziska.pl<\/u><\/a><\/p>\n<p>&nbsp;<\/p>\n<h3>II. Inspektor ochrony danych.<\/h3>\n<p>Administrator wyznaczy\u0142 Inspektora Ochrony Danych Pana Daros\u0142awa W\u00f3jcik, z kt\u00f3rym mo\u017ce si\u0119 Pani\/Pan skontaktowa\u0107 w sprawach zwi\u0105zanych z ochron\u0105 danych osobowych, w nast\u0119puj\u0105cy spos\u00f3b: pod adresem poczty elektronicznej <a href=\"mailto:iod@biblioteka.laziska.pl\"><u>iod@biblioteka.laziska.pl<\/u><\/a>&nbsp;lub pisemnie na adres siedziby Administratora.<\/p>\n<p>&nbsp;<\/p>\n<h3>III. Cele i podstawa prawna przetwarzania danych osobowych.<\/h3>\n<p>Przetwarzanie Pani\/Pana danych odbywa si\u0119 w zwi\u0105zku z realizacj\u0105 zada\u0144 okre\u015blonych przepisami prawa oraz cel\u00f3w statutowych Administratora polegaj\u0105cych na rozwijaniu i zaspokajaniu potrzeb czytelniczych, o\u015bwiatowych, informacyjnych i kulturalnych spo\u0142eczno\u015bci miasta \u0141aziska G\u00f3rne oraz uczestniczeniu w upowszechnianiu wiedzy i kultury, w szczeg\u00f3lno\u015bci na podstawie ustawy z dnia 27 czerwca 1997 r. o bibliotekach, ustawy z dnia 25 pa\u017adziernika 1991 r. o organizowaniu i prowadzeniu dzia\u0142alno\u015bci kulturalnej, ustawy z dnia 29 czerwca 1995 r. o statystyce publicznej oraz uchwa\u0142y Nr XXI\/202\/20 Rady Miejskiej w \u0141aziskach G\u00f3rnych z dnia 24 marca 2020 r. w sprawie nadania statutu Miejskiej Bibliotece Publicznej w \u0141aziskach G\u00f3rnych.<\/p>\n<p>&nbsp;<\/p>\n<blockquote dir=\"ltr\"><p><strong>PODSTAWA PRAWNA PRZETWARZANIA WYNIKAJ\u0104CA Z RODO:<br \/>\n<\/strong>1.i.1) Realizacja przys\u0142uguj\u0105cych Administratorowi uprawnie\u0144, b\u0105d\u017a spe\u0142nienie przez Administratora obowi\u0105zk\u00f3w okre\u015blonych przepisami prawa.<br \/>\n1.i.2) Wykonanie zadania realizowanego w interesie publicznym lub w ramach sprawowania w\u0142adzy publicznej przez Administratora.<br \/>\n1.i.3) Realizacja cel\u00f3w wynikaj\u0105cych z prawnie uzasadnionych interes\u00f3w Administratora.<br \/>\n1.i.4) Wykonanie umowy, kt\u00f3rej Pani\/Pan jest stron\u0105 lub do podj\u0119cia dzia\u0142a\u0144, na Pani\/Pana \u017c\u0105danie przed zawarciem umowy.<br \/>\n1.i.5) Wyra\u017cona przez Pani\u0105\/Pana zgoda na przetwarzanie danych osobowych w okre\u015blonym celu i zakresie.<\/p><\/blockquote>\n<p>&nbsp;<\/p>\n<h3>IV. Kategorie odno\u015bnych danych osobowych.<\/h3>\n<p>Zakres Pani\/Pana danych osobowych przetwarzanych przez Administratora jest zale\u017cny od realizowanego zadania oraz przedmiotu sprawy.<\/p>\n<p>&nbsp;<\/p>\n<h3>V. Odbiorcy danych osobowych.<\/h3>\n<p>Odbiorcami Pani\/Pana danych osobowych mog\u0105 by\u0107 organy w\u0142adzy publicznej oraz podmioty wykonuj\u0105ce zadania publiczne lub dzia\u0142aj\u0105ce na zlecenie organ\u00f3w w\u0142adzy publicznej, w zakresie i w celach, kt\u00f3re wynikaj\u0105 z przepis\u00f3w prawa powszechnie obowi\u0105zuj\u0105cego oraz inne podmioty, kt\u00f3re na podstawie stosownych um\u00f3w podpisanych z Administratorem przetwarzaj\u0105 dane osobowe na jego polecenie.<\/p>\n<p>&nbsp;<\/p>\n<h3>VI. Okres przechowywania danych osobowych.<\/h3>\n<ol>\n<li>Pani\/Pana dane osobowe b\u0119d\u0105 przechowywane jedynie w okresie niezb\u0119dnym do spe\u0142nienia celu, dla kt\u00f3rego zosta\u0142y zebrane lub w okresie wskazanym przepisami prawa.<\/li>\n<li>Po spe\u0142nieniu celu, dla kt\u00f3rego Pani\/Pana dane zosta\u0142y zebrane, mog\u0105 one by\u0107 przechowywane jedynie w celach archiwalnych, przez okres, kt\u00f3ry wyznaczony zostanie przede wszystkim na podstawie rozporz\u0105dzenia Prezesa Rady Ministr\u00f3w w sprawie instrukcji kancelaryjnej, jednolitych rzeczowych wykaz\u00f3w akt oraz instrukcji w sprawie organizacji i zakresu dzia\u0142ania archiw\u00f3w zak\u0142adowych, chyba \u017ce przepisy szczeg\u00f3lne stanowi\u0105 inaczej.<\/li>\n<\/ol>\n<p>&nbsp;<\/p>\n<h3>VII. Prawa os\u00f3b, kt\u00f3rych dane dotycz\u0105, w tym dost\u0119pu do danych osobowych.<\/h3>\n<p>Na zasadach i w granicach okre\u015blonych przepisami prawa, posiada Pani\/Pan prawo:<\/p>\n<\/div>\n<\/div>\n<ul>\n<li>dost\u0119pu do tre\u015bci swoich danych osobowych,<\/li>\n<\/ul>\n<div class=\"tresc\">\n<div class=\"tresc\">&nbsp;<\/div>\n<\/div>\n<ul>\n<li>sprostowania swoich danych osobowych,<\/li>\n<\/ul>\n<div class=\"tresc\">\n<div class=\"tresc\">&nbsp;<\/div>\n<\/div>\n<ul>\n<li>usuni\u0119cia swoich danych osobowych,<\/li>\n<\/ul>\n<div class=\"tresc\">\n<div class=\"tresc\">&nbsp;<\/div>\n<\/div>\n<ul>\n<li>ograniczenia przetwarzania swoich danych osobowych,<\/li>\n<\/ul>\n<div class=\"tresc\">\n<div class=\"tresc\">&nbsp;<\/div>\n<\/div>\n<ul>\n<li>przenoszenia swoich danych osobowych,<\/li>\n<\/ul>\n<div class=\"tresc\">\n<ul>\n<li>prawo do wniesienia sprzeciwu wobec przetwarzania Pani\/Pana danych.<\/li>\n<\/ul>\n<p>&nbsp;<\/p>\n<h3>VIII. Prawo do wycofania zgody.<\/h3>\n<p>&nbsp;<\/p>\n<p>Tm, gdzie do przetwarzania danych osobowych konieczne jest wyra\u017cenie zgody, zawsze ma Pani\/Pan prawo nie wyrazi\u0107 zgody, a w przypadku jej wcze\u015bniejszego wyra\u017cenia, do wycofania zgody. Wycofanie zgody nie wp\u0142ywa na zgodno\u015b\u0107 z prawem przetwarzania, kt\u00f3rego dokonano na podstawie zgody przed jej wycofaniem.<\/p>\n<p>&nbsp;<\/p>\n<h3>IX. Prawo wniesienia skargi do organu nadzorczego.<\/h3>\n<p>W przypadku uznania, i\u017c przetwarzanie Pani\/Pana danych osobowych narusza przepisy o ochronie danych osobowych, przys\u0142uguje Pani\/Panu prawo do wniesienia skargi do organu nadzorczego, kt\u00f3rym jest Prezes Urz\u0119du Ochrony Danych Osobowych.<\/p>\n<p>&nbsp;<\/p>\n<h3>X. Informacja o wymogu\/dobrowolno\u015bci podania danych oraz konsekwencjach niepodania danych osobowych.<\/h3>\n<p>Podanie przez Pani\u0105\/Pana danych osobowych mo\u017ce by\u0107 wymogiem ustawowym, umownym, warunkiem zawarcia umowy lub by\u0107 dobrowolne. W przypadku, gdy nie poda Pani\/Pan swoich danych, a:<\/p>\n<ol>\n<li>b\u0119dzie istnia\u0142 obowi\u0105zek ustawowy &#8211; nie b\u0119dziemy mogli zrealizowa\u0107 obowi\u0105zku ustawowego, co mo\u017ce skutkowa\u0107 konsekwencjami przewidzianymi przepisami prawa.<\/li>\n<li>podanie danych b\u0119dzie warunkiem zawarcia umowy lub b\u0119dzie stanowi\u0107 wym\u00f3g umowny &#8211; nie b\u0119dziemy mogli zawrze\u0107 takiej umowy lub zrealizowa\u0107 jej postanowie\u0144.<\/li>\n<li>podanie danych b\u0119dzie dobrowolne &#8211; nie b\u0119dziemy mogli podj\u0105\u0107 okre\u015blonych dzia\u0142a\u0144.<\/li>\n<\/ol>\n<p>&nbsp;<\/p>\n<h3>XI. \u0179r\u00f3d\u0142o pochodzenia danych osobowych<\/h3>\n<p>Pani\/Pana dane osobowe s\u0105 zbierane bezpo\u015brednio lub pozyskiwane w spos\u00f3b inny, w szczeg\u00f3lno\u015bci na podstawie przepis\u00f3w prawa od podmiot\u00f3w uprawnionych.<\/p>\n<p>&nbsp;<\/p>\n<h3>XII. Zautomatyzowane podejmowanie decyzji, profilowanie.<\/h3>\n<p>Pana\/Pani\u0105 dane osobowe nie b\u0119d\u0105 wykorzystywane do zautomatyzowanego podejmowania decyzji, w tym profilowania.<\/p>\n<\/div>\n<div class=\"tresc\">&nbsp;<\/div>\n<div class=\"tresc\">&nbsp;<\/div>\n","protected":false},"excerpt":{"rendered":"<p>&nbsp; Informacja dotycz\u0105ca przetwarzania danych osobowych w&nbsp;Miejskiej Bibliotece Publicznej w&nbsp;\u0141aziskach G\u00f3rnych I. Administrator danych. Administratorem Pani\/Pana danych osobowych jest Miejska Biblioteka Publiczna w \u0141aziskach G\u00f3rnych<\/p>\n","protected":false},"author":1,"featured_media":0,"parent":0,"menu_order":0,"comment_status":"closed","ping_status":"closed","template":"","meta":{"ngg_post_thumbnail":0},"_links":{"self":[{"href":"https:\/\/biblioteka.laziska.pl\/index.php\/wp-json\/wp\/v2\/pages\/301"}],"collection":[{"href":"https:\/\/biblioteka.laziska.pl\/index.php\/wp-json\/wp\/v2\/pages"}],"about":[{"href":"https:\/\/biblioteka.laziska.pl\/index.php\/wp-json\/wp\/v2\/types\/page"}],"author":[{"embeddable":true,"href":"https:\/\/biblioteka.laziska.pl\/index.php\/wp-json\/wp\/v2\/users\/1"}],"replies":[{"embeddable":true,"href":"https:\/\/biblioteka.laziska.pl\/index.php\/wp-json\/wp\/v2\/comments?post=301"}],"version-history":[{"count":2,"href":"https:\/\/biblioteka.laziska.pl\/index.php\/wp-json\/wp\/v2\/pages\/301\/revisions"}],"predecessor-version":[{"id":7677,"href":"https:\/\/biblioteka.laziska.pl\/index.php\/wp-json\/wp\/v2\/pages\/301\/revisions\/7677"}],"wp:attachment":[{"href":"https:\/\/biblioteka.laziska.pl\/index.php\/wp-json\/wp\/v2\/media?parent=301"}],"curies":[{"name":"wp","href":"https:\/\/api.w.org\/{rel}","templated":true}]}}