{"id":3576,"date":"2023-01-03T17:51:29","date_gmt":"2023-01-03T16:51:29","guid":{"rendered":"https:\/\/biblioteka.laziska.pl\/?page_id=3576"},"modified":"2026-04-02T11:57:39","modified_gmt":"2026-04-02T09:57:39","slug":"gazeta-laziska","status":"publish","type":"page","link":"https:\/\/biblioteka.laziska.pl\/index.php\/gazeta-laziska\/","title":{"rendered":"Gazeta \u0141aziska"},"content":{"rendered":"\n<p class=\"has-large-font-size\">NA RATUNEK! \u2013 IV edycja konkursu powiatowego!<\/p>\n\n\n<div class=\"wp-block-image\">\n<figure class=\"aligncenter size-full is-resized\"><img decoding=\"async\" loading=\"lazy\" src=\"https:\/\/biblioteka.laziska.pl\/wp-content\/uploads\/2026\/04\/NA-RATUNEK.png\" alt=\"Plakat konkursu Na ratunek 4\" class=\"wp-image-12000\" width=\"705\" height=\"591\" srcset=\"https:\/\/biblioteka.laziska.pl\/wp-content\/uploads\/2026\/04\/NA-RATUNEK.png 940w, https:\/\/biblioteka.laziska.pl\/wp-content\/uploads\/2026\/04\/NA-RATUNEK-300x251.png 300w, https:\/\/biblioteka.laziska.pl\/wp-content\/uploads\/2026\/04\/NA-RATUNEK-768x644.png 768w\" sizes=\"(max-width: 705px) 100vw, 705px\" \/><\/figure><\/div>\n\n\n<p>Zapraszamy do udzia\u0142u w czwartej edycji konkursu NA RATUNEK! Wiemy wszystko o udzielaniu pierwszej pomocy!<br>Konkurs skierowany jest do dzieci i m\u0142odzie\u017cy z powiatu miko\u0142owskiego i obejmuje dwie kategorie: <\/p>\n\n\n\n<ul>\n<li>Przedszkola (praca grupowa)<\/li>\n<\/ul>\n\n\n\n<p>Zadanie: wykonanie przestrzennej pracy plastycznej pt. Karetka przysz\u0142o\u015bci z materia\u0142\u00f3w przeznaczonych do recyklingu.<\/p>\n\n\n\n<ul>\n<li>Klasy IV\u2013VIII szk\u00f3\u0142 podstawowych (max. 4 osoby w grupie)<\/li>\n<\/ul>\n\n\n\n<p>Zadanie: przygotowanie odr\u0119cznego projektu muralu\/graffiti pt. Zdrowa g\u0142owa, poruszaj\u0105cego temat zdrowia psychicznego. W projekcie musi znale\u017a\u0107 si\u0119 has\u0142o: Dbaj o psyche. Format A1, technika: dowolna (pastele, markery, farby itp.) Projekt powinien nie tylko pokazywa\u0107 trudno\u015bci, ale przede wszystkim podkre\u015bla\u0107 znaczenie dbania o zdrowie psychiczne. Liczymy na prace, kt\u00f3re b\u0119d\u0105 dawa\u0142y nadziej\u0119, motywowa\u0142y i inspirowa\u0142y innych do dbania o siebie i innych.<\/p>\n\n\n\n<p><\/p>\n\n\n\n<p>Termin sk\u0142adania prac do 11 maja, godz. 15.00<\/p>\n\n\n\n<p>Miejsce \u2013 siedziba Gazety \u0141aziskiej, ul. \u015bw. Jana Paw\u0142a II 1, \u0141aziska G\u00f3rne<\/p>\n\n\n\n<p>Do pracy nale\u017cy do\u0142\u0105czy\u0107 kart\u0119 zg\u0142oszeniow\u0105 i wymagane za\u0142\u0105czniki \u2013 do pobrania na stronie www.biblioteka.laziska.pl lub do odbioru w naszej redakcji.<\/p>\n\n\n\n<p>Celem konkursu jest:<\/p>\n\n\n\n<ul>\n<li>promowanie zasad udzielania pierwszej pomocy<\/li>\n\n\n\n<li>zwi\u0119kszanie \u015bwiadomo\u015bci zagro\u017ce\u0144 dla zdrowia i \u017cycia<\/li>\n\n\n\n<li>rozwijanie kreatywno\u015bci i wyobra\u017ani m\u0142odych uczestnik\u00f3w<\/li>\n<\/ul>\n\n\n\n<p>Na laureat\u00f3w trzech pierwszych miejsc w ka\u017cdej kategorii czekaj\u0105 fantastyczne nagrody!<\/p>\n\n\n\n<p>Zwyci\u0119ski projekt muralu zostanie zrealizowany w przestrzeni miasta przez profesjonalnego grafficiarza \u2013 przy udziale autor\u00f3w pracy!<\/p>\n\n\n\n<p>Uroczyste wr\u0119czenie nagr\u00f3d odb\u0119dzie si\u0119 15 maja, na skwerze przed Miejsk\u0105 Bibliotek\u0105 Publiczn\u0105 w \u0141aziskach G\u00f3rnych.<\/p>\n\n\n\n<p>Zapraszamy do udzia\u0142u i trzymamy kciuki za wszystkie kreatywne pomys\u0142y!<\/p>\n\n\n\n<p><\/p>\n\n\n\n<p>Pliki do pobrania:<\/p>\n\n\n\n<div class=\"wp-block-file\"><a id=\"wp-block-file--media-e4469f54-f032-40ee-84c0-9e62a68ade96\" href=\"https:\/\/biblioteka.laziska.pl\/wp-content\/uploads\/2026\/04\/NA-RATUNEK-IV-regulamin.pdf\">Na Ratunek 4 &#8211; regulamin<\/a><a href=\"https:\/\/biblioteka.laziska.pl\/wp-content\/uploads\/2026\/04\/NA-RATUNEK-IV-regulamin.pdf\" class=\"wp-block-file__button wp-element-button\" download aria-describedby=\"wp-block-file--media-e4469f54-f032-40ee-84c0-9e62a68ade96\">Pobierz<\/a><\/div>\n\n\n\n<div class=\"wp-block-file\"><a id=\"wp-block-file--media-92ebe257-91a3-4ca9-8295-ef7b2aaf46c4\" href=\"https:\/\/biblioteka.laziska.pl\/wp-content\/uploads\/2026\/04\/Zalacznik-nr-1-karta-zgloszeniowa-dla-grupy.pdf\">Za\u0142\u0105cznik nr 1 &#8211; karta zg\u0142oszeniowa dla grupy<\/a><a href=\"https:\/\/biblioteka.laziska.pl\/wp-content\/uploads\/2026\/04\/Zalacznik-nr-1-karta-zgloszeniowa-dla-grupy.pdf\" class=\"wp-block-file__button wp-element-button\" download aria-describedby=\"wp-block-file--media-92ebe257-91a3-4ca9-8295-ef7b2aaf46c4\">Pobierz<\/a><\/div>\n\n\n\n<div class=\"wp-block-file\"><a id=\"wp-block-file--media-68a7c29f-3b37-430c-866a-18fcab3df85a\" href=\"https:\/\/biblioteka.laziska.pl\/wp-content\/uploads\/2026\/04\/Zalacznik-nr-2-zgoda-na-przetwarzanie-danych.pdf\">Za\u0142\u0105cznik nr 2 &#8211; zgoda na przetwarzanie danych<\/a><a href=\"https:\/\/biblioteka.laziska.pl\/wp-content\/uploads\/2026\/04\/Zalacznik-nr-2-zgoda-na-przetwarzanie-danych.pdf\" class=\"wp-block-file__button wp-element-button\" download aria-describedby=\"wp-block-file--media-68a7c29f-3b37-430c-866a-18fcab3df85a\">Pobierz<\/a><\/div>\n\n\n\n<div class=\"wp-block-file\"><a id=\"wp-block-file--media-2516e570-6d56-4513-a7ae-1790377dd917\" href=\"https:\/\/biblioteka.laziska.pl\/wp-content\/uploads\/2026\/04\/Zalacznik-nr-3-zgoda-na-przetwarzanie-wizerunku.pdf\">Za\u0142\u0105cznik nr 3 &#8211; zgoda na przetwarzanie wizerunku<\/a><a href=\"https:\/\/biblioteka.laziska.pl\/wp-content\/uploads\/2026\/04\/Zalacznik-nr-3-zgoda-na-przetwarzanie-wizerunku.pdf\" class=\"wp-block-file__button wp-element-button\" download aria-describedby=\"wp-block-file--media-2516e570-6d56-4513-a7ae-1790377dd917\">Pobierz<\/a><\/div>\n\n\n\n<div class=\"wp-block-file\"><a id=\"wp-block-file--media-92206c77-96a2-41fa-ad38-cb17bde49d77\" href=\"https:\/\/biblioteka.laziska.pl\/wp-content\/uploads\/2026\/04\/Zalacznik-nr-4-klauzula-informacyjna.pdf\">Za\u0142\u0105cznik nr 4 &#8211; klauzula informacyjna<\/a><a href=\"https:\/\/biblioteka.laziska.pl\/wp-content\/uploads\/2026\/04\/Zalacznik-nr-4-klauzula-informacyjna.pdf\" class=\"wp-block-file__button wp-element-button\" download aria-describedby=\"wp-block-file--media-92206c77-96a2-41fa-ad38-cb17bde49d77\">Pobierz<\/a><\/div>\n\n\n\n<hr class=\"wp-block-separator has-alpha-channel-opacity\"\/>\n\n\n\n<figure class=\"wp-block-image size-large\"><img decoding=\"async\" loading=\"lazy\" width=\"1024\" height=\"343\" src=\"http:\/\/biblioteka.laziska.pl\/wp-content\/uploads\/2023\/01\/logo2-1024x343.jpg\" alt=\"Logo Gazety \u0141aziskiej\" class=\"wp-image-3592\" srcset=\"https:\/\/biblioteka.laziska.pl\/wp-content\/uploads\/2023\/01\/logo2-1024x343.jpg 1024w, https:\/\/biblioteka.laziska.pl\/wp-content\/uploads\/2023\/01\/logo2-300x101.jpg 300w, https:\/\/biblioteka.laziska.pl\/wp-content\/uploads\/2023\/01\/logo2-768x257.jpg 768w, https:\/\/biblioteka.laziska.pl\/wp-content\/uploads\/2023\/01\/logo2.jpg 1369w\" sizes=\"(max-width: 1024px) 100vw, 1024px\" \/><\/figure>\n\n\n\n<p>W gazecie czytelnicy mog\u0105 znale\u017a\u0107 naj\u015bwie\u017csze wiadomo\u015bci dotycz\u0105ce \u017cycia \u0141azisk G\u00f3rnych, najwa\u017cniejszych wydarze\u0144, uroczysto\u015bci, jubileuszy, pozna\u0107 ciekawe miejsca naszego miasta czy \u017cyciorysy niebanalnych \u0142aziszczan.<\/p>\n\n\n\n<p>Jeste\u015bmy gazet\u0105 lokaln\u0105 \u2013 ukazujemy si\u0119 tylko na terenie \u0141azisk G\u00f3rnych w nak\u0142adzie 1300 sztuk. Ka\u017cdy numer jest zamykany tydzie\u0144 przed dat\u0105 ukazania si\u0119. Jest to te\u017c ostateczny termin zam\u00f3wienia reklamy. Rabaty s\u0105 udzielane przy jednorazowym zam\u00f3wieniu minimum 5 edycji reklamy, wtedy sz\u00f3sta takiej samej wielko\u015bci ukazuje si\u0119 gratis. Przy zam\u00f3wieniu edycji p\u00f3\u0142rocznej, poza 1 reklam\u0105 gratis, dodatkowo otrzymujecie Pa\u0144stwo 5% rabatu od podstawowej ceny reklamy, przy edycji rocznej jest to 10% rabatu i dwie dodatkowe reklamy gratis.<\/p>\n\n\n\n<hr class=\"wp-block-separator has-alpha-channel-opacity\"\/>\n\n\n\n<p>Redakcja Gazety mie\u015bci si\u0119 na parterze budynku przy ul. \u015aw. Jana Paw\u0142a II 1.<\/p>\n\n\n\n<p>W razie pyta\u0144 prosimy o kontakt:<\/p>\n\n\n\n<ul>\n<li>telefoniczny &#8211; 519 053 844<\/li>\n\n\n\n<li>mailowy &#8211; redakcja@gazeta.laziska.pl<\/li>\n<\/ul>\n\n\n\n<p><\/p>\n\n\n\n<p><strong>Cenniki:<\/strong><\/p>\n\n\n\n<div class=\"wp-block-file\"><a id=\"wp-block-file--media-7737984d-6b4e-454a-9a33-5a52ec52222f\" href=\"http:\/\/biblioteka.laziska.pl\/wp-content\/uploads\/2023\/03\/cennik-ogloszenia-drobne-w-Gazecie-Laziskiej.pdf\">Cennik &#8211; og\u0142oszenia drobne w Gazecie \u0141aziskiej<\/a><a href=\"http:\/\/biblioteka.laziska.pl\/wp-content\/uploads\/2023\/03\/cennik-ogloszenia-drobne-w-Gazecie-Laziskiej.pdf\" class=\"wp-block-file__button wp-element-button\" download aria-describedby=\"wp-block-file--media-7737984d-6b4e-454a-9a33-5a52ec52222f\">Pobierz<\/a><\/div>\n\n\n\n<div class=\"wp-block-file\"><a id=\"wp-block-file--media-3e328b4d-2425-4f59-8390-8e38b0d6dc57\" href=\"https:\/\/biblioteka.laziska.pl\/wp-content\/uploads\/2026\/01\/CENNIK-REKLAM-2026.pdf\">Cennik reklam &#8211; 2026<\/a><a href=\"https:\/\/biblioteka.laziska.pl\/wp-content\/uploads\/2026\/01\/CENNIK-REKLAM-2026.pdf\" class=\"wp-block-file__button wp-element-button\" download aria-describedby=\"wp-block-file--media-3e328b4d-2425-4f59-8390-8e38b0d6dc57\">Pobierz<\/a><\/div>\n","protected":false},"excerpt":{"rendered":"<p>NA RATUNEK! \u2013 IV edycja konkursu powiatowego! Zapraszamy do udzia\u0142u w czwartej edycji konkursu NA RATUNEK! Wiemy wszystko o udzielaniu pierwszej pomocy!Konkurs skierowany jest do<\/p>\n","protected":false},"author":1,"featured_media":0,"parent":0,"menu_order":0,"comment_status":"closed","ping_status":"closed","template":"","meta":{"ngg_post_thumbnail":0},"_links":{"self":[{"href":"https:\/\/biblioteka.laziska.pl\/index.php\/wp-json\/wp\/v2\/pages\/3576"}],"collection":[{"href":"https:\/\/biblioteka.laziska.pl\/index.php\/wp-json\/wp\/v2\/pages"}],"about":[{"href":"https:\/\/biblioteka.laziska.pl\/index.php\/wp-json\/wp\/v2\/types\/page"}],"author":[{"embeddable":true,"href":"https:\/\/biblioteka.laziska.pl\/index.php\/wp-json\/wp\/v2\/users\/1"}],"replies":[{"embeddable":true,"href":"https:\/\/biblioteka.laziska.pl\/index.php\/wp-json\/wp\/v2\/comments?post=3576"}],"version-history":[{"count":17,"href":"https:\/\/biblioteka.laziska.pl\/index.php\/wp-json\/wp\/v2\/pages\/3576\/revisions"}],"predecessor-version":[{"id":12006,"href":"https:\/\/biblioteka.laziska.pl\/index.php\/wp-json\/wp\/v2\/pages\/3576\/revisions\/12006"}],"wp:attachment":[{"href":"https:\/\/biblioteka.laziska.pl\/index.php\/wp-json\/wp\/v2\/media?parent=3576"}],"curies":[{"name":"wp","href":"https:\/\/api.w.org\/{rel}","templated":true}]}}