{"id":427,"date":"2021-11-08T10:33:42","date_gmt":"2021-11-08T10:33:42","guid":{"rendered":"http:\/\/olkgohoixa.cfolks.pl\/?page_id=427"},"modified":"2021-11-08T10:33:42","modified_gmt":"2021-11-08T10:33:42","slug":"tekst-odczytywalny-maszynowo","status":"publish","type":"page","link":"https:\/\/biblioteka.laziska.pl\/index.php\/tekst-odczytywalny-maszynowo\/","title":{"rendered":"Tekst odczytywalny maszynowo"},"content":{"rendered":"<h2>Informacja o dzia\u0142alno\u015bci Biblioteki &#8211; tekst odczytywalny maszynowo<\/h2>\n<p><font size=\"2\">Witamy w Miejskiej Bibliotece w \u0141aziskach G\u00f3rnych. Nasza siedziba znajduje si\u0119 przy ulicy \u015awi\u0119tego Jana Paw\u0142a II 1, w centrum miasta, niedaleko Urz\u0119du Miasta, Miejskiego Domu Kultury i Szko\u0142y Podstawowej nr 1, naprzeciwko plac\u00f3wki Poczty Polskiej. Zapraszamy te\u017c do naszych Filii:<br \/>\n<\/font><\/p>\n<ul>\n<li><font size=\"2\">Filia nr 1 w \u0141aziskach \u015arednich przy ul. Wyszy\u0144skiego 8, niedaleko Ko\u015bcio\u0142a i Szko\u0142y Podstawowej nr 4,<\/font><\/li>\n<li><font size=\"2\">Filia nr 2 w \u0141aziskach Dolnych przy ul. Miko\u0142owskiej 25, niedaleko Ko\u015bcio\u0142a, w s\u0105siedztwie miejskiego placu zabaw.<br \/>\n<\/font><\/li>\n<\/ul>\n<p><font size=\"2\">Informacje o godzinach otwarcia Biblioteki znajdziecie na stronie internetowej <\/font><a href=\"http:\/\/www.biblioteka.laziska.pl\/\"><font size=\"2\"><u>www.biblioteka.laziska.pl<\/u><\/font><\/a><font size=\"2\">.<br \/>\n<\/font><\/p>\n<p><font size=\"2\">Nasza oferta dost\u0119pna jest dla mieszka\u0144c\u00f3w \u0141azisk G\u00f3rnych i okolic oraz os\u00f3b przyjezdnych. W Centrali Biblioteki wypo\u017cyczamy bezp\u0142atnie ksi\u0105\u017cki, audiobooki, p\u0142yty z muzyk\u0105, czasopisma. Na miejscu mo\u017cesz skorzysta\u0107 z czytelni ksi\u0105\u017cek i gazet. S\u0105 te\u017c komputery z dost\u0119pem do Internetu oraz ksero. W Filii nr 1 wypo\u017cyczamy ksi\u0105\u017cki i czasopisma. Na miejscu mo\u017cesz skorzysta\u0107 z czytelni ksi\u0105\u017cek i gazet. S\u0105 te\u017c komputery z dost\u0119pem do Internetu oraz ksero. W Filii nr 2 wypo\u017cyczamy ksi\u0105\u017cki i czasopisma.<br \/>\n<\/font><\/p>\n<p><font size=\"2\">Informacje o naszym ksi\u0119gozbiorze znajdziesz w naszym katalogu bibliotecznym, dost\u0119pnym na naszej stronie www w zak\u0142adce katalog.<br \/>\n<\/font><\/p>\n<p><font size=\"2\">Je\u015bli chcesz zosta\u0107 naszym czytelnikiem i masz uko\u0144czone 18 lat, przyjd\u017a do nas i na miejscu za\u0142\u00f3\u017c swoje konto czytelnika. Za korzystanie z biblioteki nie pobieramy op\u0142aty. Je\u015bli nie jeste\u015b pe\u0142noletni, przyjd\u017a z opiekunem prawnym, kt\u00f3ry wype\u0142ni i podpisze formularz zobowi\u0105zania. Je\u017celi chcesz uzyska\u0107 pomoc w zaplanowaniu Twojej wizyty w naszej bibliotece, dopyta\u0107 o dost\u0119pno\u015b\u0107 naszych zbior\u00f3w to napisz do nas maila <\/font><a href=\"mailto:biblioteka@biblioteka.laziska.pl\"><font size=\"2\"><u>biblioteka@biblioteka.laziska.pl<\/u><\/font><\/a><font size=\"2\"> lub zadzwo\u0144 na numer telefonu 32 22 41 412.<\/font><\/p>\n<p><font size=\"2\"><\/font><\/p>\n<p><font size=\"2\"><\/font>&nbsp;<\/p>\n<p><font size=\"2\">Biblioteka to tak\u017ce miejsce spotka\u0144, warsztat\u00f3w i zaj\u0119\u0107 edukacyjnych dla ka\u017cdej grupy wiekowej.<br \/>\n<\/font><font size=\"2\">W swojej ofercie mamy r\u00f3\u017cnorodne wydarzenia kulturalne, spotkania autorskie, lekcje biblioteczne i warsztaty organizowane dla dzieci, m\u0142odzie\u017cy i doros\u0142ych w tym senior\u00f3w, o kt\u00f3rych informujemy na naszej stronie internetowej i na Facebooku. Dok\u0142adamy wszelkich stara\u0144, by ka\u017cdy kto nas odwiedza czu\u0142 si\u0119 u nas komfortowo i uzyska\u0142 potrzebn\u0105 pomoc i informacje. Nasza biblioteka jest miejscem otwartym i przyjaznym dla wszystkich u\u017cytkownik\u00f3w.<\/font><\/p>\n","protected":false},"excerpt":{"rendered":"<p>Informacja o dzia\u0142alno\u015bci Biblioteki &#8211; tekst odczytywalny maszynowo Witamy w Miejskiej Bibliotece w \u0141aziskach G\u00f3rnych. Nasza siedziba znajduje si\u0119 przy ulicy \u015awi\u0119tego Jana Paw\u0142a II<\/p>\n","protected":false},"author":1,"featured_media":0,"parent":0,"menu_order":0,"comment_status":"closed","ping_status":"closed","template":"","meta":{"ngg_post_thumbnail":0},"_links":{"self":[{"href":"https:\/\/biblioteka.laziska.pl\/index.php\/wp-json\/wp\/v2\/pages\/427"}],"collection":[{"href":"https:\/\/biblioteka.laziska.pl\/index.php\/wp-json\/wp\/v2\/pages"}],"about":[{"href":"https:\/\/biblioteka.laziska.pl\/index.php\/wp-json\/wp\/v2\/types\/page"}],"author":[{"embeddable":true,"href":"https:\/\/biblioteka.laziska.pl\/index.php\/wp-json\/wp\/v2\/users\/1"}],"replies":[{"embeddable":true,"href":"https:\/\/biblioteka.laziska.pl\/index.php\/wp-json\/wp\/v2\/comments?post=427"}],"version-history":[{"count":0,"href":"https:\/\/biblioteka.laziska.pl\/index.php\/wp-json\/wp\/v2\/pages\/427\/revisions"}],"wp:attachment":[{"href":"https:\/\/biblioteka.laziska.pl\/index.php\/wp-json\/wp\/v2\/media?parent=427"}],"curies":[{"name":"wp","href":"https:\/\/api.w.org\/{rel}","templated":true}]}}