{"id":429,"date":"2021-11-08T10:33:42","date_gmt":"2021-11-08T10:33:42","guid":{"rendered":"http:\/\/olkgohoixa.cfolks.pl\/?page_id=429"},"modified":"2021-11-08T10:33:42","modified_gmt":"2021-11-08T10:33:42","slug":"informacja-w-jezyku-migowym","status":"publish","type":"page","link":"https:\/\/biblioteka.laziska.pl\/index.php\/informacja-w-jezyku-migowym\/","title":{"rendered":"Informacja w j\u0119zyku migowym"},"content":{"rendered":"<h2>&nbsp;<\/h2>\n<p><iframe loading=\"lazy\" title=\"YouTube video player\" src=\"https:\/\/www.youtube.com\/embed\/m56lOHo6Ylw\" width=\"560\" height=\"315\" frameborder=\"0\" allowfullscreen=\"allowfullscreen\"><\/iframe><\/p>\n<p>&nbsp;<\/p>\n<h3>Miejska Biblioteka Publiczna w \u0141aziskach G\u00f3rnych<\/h3>\n<p><span style=\"font-size: small;\">Miejska Biblioteka Publiczna w \u0141aziskach G\u00f3rnych to miejsce dla dzieci, m\u0142odzie\u017cy, doros\u0142ych oraz senior\u00f3w. <\/span><\/p>\n<p><span style=\"font-size: small;\">W Bibliotece mo\u017cesz nieodp\u0142atnie:<\/span><\/p>\n<ul>\n<li><span style=\"font-size: small;\">wypo\u017cyczy\u0107 do domu ksi\u0105\u017cki, czasopisma, p\u0142yty z nagranymi ksi\u0105\u017ckami i p\u0142yty z muzyk\u0105,<\/span><\/li>\n<li><span style=\"font-size: small;\">skorzysta\u0107 z czytelni,<\/span><\/li>\n<li><span style=\"font-size: small;\">skorzysta\u0107 z komputera i Internetu,<\/span><\/li>\n<li><span style=\"font-size: small;\">wzi\u0105\u0107 udzia\u0142 w spotkaniu z pisarzami i innymi ciekawymi osobami,<\/span><\/li>\n<li><span style=\"font-size: small;\">wzi\u0105\u0107 udzia\u0142 w warsztatach i zaj\u0119ciach edukacyjnych. <\/span><\/li>\n<\/ul>\n<p>&nbsp;<\/p>\n<p><span style=\"font-size: small;\">Biblioteka znajduje si\u0119 przy ulicy \u015awi\u0119tego Jana Paw\u0142a II 1, w centrum miasta, niedaleko Urz\u0119du Miejskiego i Miejskiego Domu Kultury. Budynek Biblioteki jest dostosowany do os\u00f3b ze szczeg\u00f3lnymi potrzebami. <\/span><\/p>\n<ul>\n<li><span style=\"font-size: small;\">Przy wej\u015bciu g\u0142\u00f3wnym jest platforma dla os\u00f3b z niepe\u0142nosprawno\u015bciami.<\/span><\/li>\n<li><span style=\"font-size: small;\">Na pi\u0119tro mo\u017cna wjecha\u0107 wind\u0105.<\/span><\/li>\n<li><span style=\"font-size: small;\">W Bibliotece dost\u0119pne s\u0105 toalety dla os\u00f3b z niepe\u0142nosprawno\u015bciami. <\/span><\/li>\n<\/ul>\n<p>&nbsp;<\/p>\n<p><span style=\"font-size: small;\">Biblioteka ma dwie filie. Filia jest cz\u0119\u015bci\u0105 Biblioteki G\u0142\u00f3wnej, ale znajduje si\u0119 w innej cz\u0119\u015bci miasta. <\/span><\/p>\n<ul>\n<li><span style=\"font-size: small;\">Filia nr 1 znajduje si\u0119 w \u0141aziskach \u015arednich przy ul. Wyszy\u0144skiego 8,<\/span><\/li>\n<li><span style=\"font-size: small;\">Filia nr 2 znajduje si\u0119 w \u0141aziskach Dolnych przy ul. Miko\u0142owskiej 25. <\/span><\/li>\n<\/ul>\n<p>&nbsp;<\/p>\n<p><span style=\"font-size: small;\">Aby skontaktowa\u0107 si\u0119 z Bibliotek\u0105 mo\u017cna:<\/span><\/p>\n<ul>\n<li><span style=\"font-size: small;\">napisa\u0107 pismo i wys\u0142a\u0107 na adres: Miejska Biblioteka Publiczna ul. \u015awi\u0119tego Jana Paw\u0142a II 1 43-170 \u0141aziska G\u00f3rne lub przez platform\u0119 ePUAP<\/span><\/li>\n<li><span style=\"font-size: small;\">wys\u0142a\u0107 e-mail na adres: <a href=\"mailto:biblioteka@biblioteka.laziska.pl\">biblioteka@biblioteka.laziska.pl<\/a><\/span><\/li>\n<li><span style=\"font-size: small;\">zadzwoni\u0107 samodzielnie lub korzystaj\u0105c z pomocy innej osoby pod numer telefonu 32 224 14 12<\/span><\/li>\n<\/ul>\n<p>&nbsp;<\/p>\n<p><span style=\"font-size: small;\">Informacje o bibliotece znajduj\u0105 na stronie internetowej <a href=\"http:\/\/www.biblioteka.laziska.pl\">www.biblioteka.laziska.pl<\/a> <\/span><\/p>\n<p>&nbsp;<\/p>\n<p><span style=\"font-size: small;\">Zapraszamy do Biblioteki. Pracownicy ch\u0119tnie pomog\u0105 ka\u017cdemu, kto chce skorzysta\u0107 z jej bogatej oferty.<\/span><\/p>\n","protected":false},"excerpt":{"rendered":"<p>&nbsp; &nbsp; Miejska Biblioteka Publiczna w \u0141aziskach G\u00f3rnych Miejska Biblioteka Publiczna w \u0141aziskach G\u00f3rnych to miejsce dla dzieci, m\u0142odzie\u017cy, doros\u0142ych oraz senior\u00f3w. W Bibliotece mo\u017cesz<\/p>\n","protected":false},"author":1,"featured_media":0,"parent":0,"menu_order":0,"comment_status":"closed","ping_status":"closed","template":"","meta":{"ngg_post_thumbnail":0},"_links":{"self":[{"href":"https:\/\/biblioteka.laziska.pl\/index.php\/wp-json\/wp\/v2\/pages\/429"}],"collection":[{"href":"https:\/\/biblioteka.laziska.pl\/index.php\/wp-json\/wp\/v2\/pages"}],"about":[{"href":"https:\/\/biblioteka.laziska.pl\/index.php\/wp-json\/wp\/v2\/types\/page"}],"author":[{"embeddable":true,"href":"https:\/\/biblioteka.laziska.pl\/index.php\/wp-json\/wp\/v2\/users\/1"}],"replies":[{"embeddable":true,"href":"https:\/\/biblioteka.laziska.pl\/index.php\/wp-json\/wp\/v2\/comments?post=429"}],"version-history":[{"count":0,"href":"https:\/\/biblioteka.laziska.pl\/index.php\/wp-json\/wp\/v2\/pages\/429\/revisions"}],"wp:attachment":[{"href":"https:\/\/biblioteka.laziska.pl\/index.php\/wp-json\/wp\/v2\/media?parent=429"}],"curies":[{"name":"wp","href":"https:\/\/api.w.org\/{rel}","templated":true}]}}