{"id":4915,"date":"2023-08-08T14:13:43","date_gmt":"2023-08-08T12:13:43","guid":{"rendered":"https:\/\/biblioteka.laziska.pl\/?page_id=4915"},"modified":"2025-02-11T16:38:59","modified_gmt":"2025-02-11T15:38:59","slug":"narodowy-program-rozwoju-czytelnictwa-2-0","status":"publish","type":"page","link":"https:\/\/biblioteka.laziska.pl\/index.php\/narodowy-program-rozwoju-czytelnictwa-2-0\/","title":{"rendered":"Narodowy Program Rozwoju Czytelnictwa 2.0"},"content":{"rendered":"\n<p>Dzielimy si\u0119 wspania\u0142\u0105 wiadomo\u015bci\u0105!<br>Mi\u0142o nam poinformowa\u0107, \u017ce nasza biblioteka otrzyma\u0142a dofinansowanie w wysoko\u015bci 10 750 z\u0142 w ramach Kierunku interwencji 1.1. Zakup i zdalny dost\u0119p do nowo\u015bci wydawniczych Priorytetu 1 Narodowego Programu Rozwoju Czytelnictwa 2.0 na lata 2021\u20132025.<\/p>\n\n\n\n<p>Dzi\u0119ki czemu wzbogacimy jeszcze bardziej nasze zbiory biblioteczne.<\/p>\n\n\n\n<p>Nazwa zadania: \u201cDofinansowania dla bibliotek publicznych na zakup nowo\u015bci wydawniczych oraz us\u0142ugi zdalnego dost\u0119pu do ksi\u0105\u017cek w formatach e-book\u00f3w i\/lub audiobook\u00f3w i\/lub synchrobook\u00f3w \u2013 Priorytet 1, Kierunek interwencji 1.1. w ramach NPRCz 2.0\u201d.<\/p>\n\n\n\n<figure class=\"wp-block-image size-large\"><img decoding=\"async\" loading=\"lazy\" width=\"1024\" height=\"136\" src=\"https:\/\/biblioteka.laziska.pl\/wp-content\/uploads\/2023\/08\/nprcz-belka-bn-kolor-rgb-1024x136.jpg\" alt=\"\" class=\"wp-image-4917\" srcset=\"https:\/\/biblioteka.laziska.pl\/wp-content\/uploads\/2023\/08\/nprcz-belka-bn-kolor-rgb-1024x136.jpg 1024w, https:\/\/biblioteka.laziska.pl\/wp-content\/uploads\/2023\/08\/nprcz-belka-bn-kolor-rgb-300x40.jpg 300w, https:\/\/biblioteka.laziska.pl\/wp-content\/uploads\/2023\/08\/nprcz-belka-bn-kolor-rgb-768x102.jpg 768w, https:\/\/biblioteka.laziska.pl\/wp-content\/uploads\/2023\/08\/nprcz-belka-bn-kolor-rgb-1536x204.jpg 1536w, https:\/\/biblioteka.laziska.pl\/wp-content\/uploads\/2023\/08\/nprcz-belka-bn-kolor-rgb-2048x272.jpg 2048w\" sizes=\"(max-width: 1024px) 100vw, 1024px\" \/><\/figure>\n\n\n\n<p>W roku 2024 dzi\u0119ki \u015brodkom z Narodowego Programu Rozwoju Czytelnictwa 2.0 na lata 2021\u20132025 zakupili\u015bmy:<\/p>\n\n\n\n<p> <strong>378 ksi\u0105\u017cek oraz 38 audiobook\u00f3w za sum\u0119 10 750 z\u0142.<\/strong><\/p>\n","protected":false},"excerpt":{"rendered":"<p>Dzielimy si\u0119 wspania\u0142\u0105 wiadomo\u015bci\u0105!Mi\u0142o nam poinformowa\u0107, \u017ce nasza biblioteka otrzyma\u0142a dofinansowanie w wysoko\u015bci 10 750 z\u0142 w ramach Kierunku interwencji 1.1. Zakup i zdalny dost\u0119p<\/p>\n","protected":false},"author":1,"featured_media":4912,"parent":0,"menu_order":0,"comment_status":"closed","ping_status":"closed","template":"","meta":{"ngg_post_thumbnail":0},"_links":{"self":[{"href":"https:\/\/biblioteka.laziska.pl\/index.php\/wp-json\/wp\/v2\/pages\/4915"}],"collection":[{"href":"https:\/\/biblioteka.laziska.pl\/index.php\/wp-json\/wp\/v2\/pages"}],"about":[{"href":"https:\/\/biblioteka.laziska.pl\/index.php\/wp-json\/wp\/v2\/types\/page"}],"author":[{"embeddable":true,"href":"https:\/\/biblioteka.laziska.pl\/index.php\/wp-json\/wp\/v2\/users\/1"}],"replies":[{"embeddable":true,"href":"https:\/\/biblioteka.laziska.pl\/index.php\/wp-json\/wp\/v2\/comments?post=4915"}],"version-history":[{"count":4,"href":"https:\/\/biblioteka.laziska.pl\/index.php\/wp-json\/wp\/v2\/pages\/4915\/revisions"}],"predecessor-version":[{"id":7702,"href":"https:\/\/biblioteka.laziska.pl\/index.php\/wp-json\/wp\/v2\/pages\/4915\/revisions\/7702"}],"wp:featuredmedia":[{"embeddable":true,"href":"https:\/\/biblioteka.laziska.pl\/index.php\/wp-json\/wp\/v2\/media\/4912"}],"wp:attachment":[{"href":"https:\/\/biblioteka.laziska.pl\/index.php\/wp-json\/wp\/v2\/media?parent=4915"}],"curies":[{"name":"wp","href":"https:\/\/api.w.org\/{rel}","templated":true}]}}