{"id":7713,"date":"2025-02-12T11:28:26","date_gmt":"2025-02-12T10:28:26","guid":{"rendered":"https:\/\/biblioteka.laziska.pl\/?page_id=7713"},"modified":"2025-02-12T11:28:27","modified_gmt":"2025-02-12T10:28:27","slug":"dane-kontaktowe-do-inspektora-ochrony-danych-iod","status":"publish","type":"page","link":"https:\/\/biblioteka.laziska.pl\/index.php\/dane-kontaktowe-do-inspektora-ochrony-danych-iod\/","title":{"rendered":"Dane kontaktowe do Inspektora Ochrony Danych (IOD)"},"content":{"rendered":"\n<p>Funkcj\u0119 Inspektora Ochrony Danych w Miejskiej Bibliotece Publicznej pe\u0142ni Daros\u0142aw W\u00f3jcik<br>Kontakt z Inspektorem Ochrony Danych zapewniony jest:<\/p>\n\n\n\n<ul>\n<li>pod adresem poczty elektronicznej: iod@biblioteka.laziska.pl<\/li>\n\n\n\n<li>listownie na adres: Miejska Biblioteka Publiczna, 43-170 \u0141aziska G\u00f3rne, ul. \u015aw. Jana Paw\u0142a II 1, z dopiskiem Inspektor Ochrony Danych.<\/li>\n<\/ul>\n\n\n\n<p>Do Inspektora Ochrony Danych nale\u017cy kierowa\u0107 wy\u0142\u0105cznie sprawy dotycz\u0105ce przetwarzania Pa\u0144stwa danych osobowych.<br>Do kompetencji Inspektora Ochrony Danych nie nale\u017cy za\u0142atwianie innych spraw, ni\u017c te zwi\u0105zane z ochron\u0105 danych osobowych.<\/p>\n","protected":false},"excerpt":{"rendered":"<p>Funkcj\u0119 Inspektora Ochrony Danych w Miejskiej Bibliotece Publicznej pe\u0142ni Daros\u0142aw W\u00f3jcikKontakt z Inspektorem Ochrony Danych zapewniony jest: Do Inspektora Ochrony Danych nale\u017cy kierowa\u0107 wy\u0142\u0105cznie sprawy<\/p>\n","protected":false},"author":3,"featured_media":0,"parent":0,"menu_order":0,"comment_status":"closed","ping_status":"closed","template":"","meta":{"ngg_post_thumbnail":0},"_links":{"self":[{"href":"https:\/\/biblioteka.laziska.pl\/index.php\/wp-json\/wp\/v2\/pages\/7713"}],"collection":[{"href":"https:\/\/biblioteka.laziska.pl\/index.php\/wp-json\/wp\/v2\/pages"}],"about":[{"href":"https:\/\/biblioteka.laziska.pl\/index.php\/wp-json\/wp\/v2\/types\/page"}],"author":[{"embeddable":true,"href":"https:\/\/biblioteka.laziska.pl\/index.php\/wp-json\/wp\/v2\/users\/3"}],"replies":[{"embeddable":true,"href":"https:\/\/biblioteka.laziska.pl\/index.php\/wp-json\/wp\/v2\/comments?post=7713"}],"version-history":[{"count":1,"href":"https:\/\/biblioteka.laziska.pl\/index.php\/wp-json\/wp\/v2\/pages\/7713\/revisions"}],"predecessor-version":[{"id":7714,"href":"https:\/\/biblioteka.laziska.pl\/index.php\/wp-json\/wp\/v2\/pages\/7713\/revisions\/7714"}],"wp:attachment":[{"href":"https:\/\/biblioteka.laziska.pl\/index.php\/wp-json\/wp\/v2\/media?parent=7713"}],"curies":[{"name":"wp","href":"https:\/\/api.w.org\/{rel}","templated":true}]}}