{"id":898,"date":"2021-11-24T08:58:27","date_gmt":"2021-11-24T07:58:27","guid":{"rendered":"https:\/\/biblioteka.laziska.pl\/?page_id=898"},"modified":"2021-11-24T09:02:13","modified_gmt":"2021-11-24T08:02:13","slug":"mala-ksiazka-wielki-czlowiek","status":"publish","type":"page","link":"https:\/\/biblioteka.laziska.pl\/index.php\/mala-ksiazka-wielki-czlowiek\/","title":{"rendered":"Ma\u0142a ksi\u0105\u017cka &#8211; wielki cz\u0142owiek"},"content":{"rendered":"\n<div class=\"wp-block-image\"><figure class=\"aligncenter size-full is-resized\"><img decoding=\"async\" loading=\"lazy\" src=\"https:\/\/biblioteka.laziska.pl\/wp-content\/uploads\/2021\/11\/mala-ksiazka-wielki-czlowiek-logo.png\" alt=\"\" class=\"wp-image-903\" width=\"252\" height=\"194\" srcset=\"https:\/\/biblioteka.laziska.pl\/wp-content\/uploads\/2021\/11\/mala-ksiazka-wielki-czlowiek-logo.png 1007w, https:\/\/biblioteka.laziska.pl\/wp-content\/uploads\/2021\/11\/mala-ksiazka-wielki-czlowiek-logo-300x231.png 300w, https:\/\/biblioteka.laziska.pl\/wp-content\/uploads\/2021\/11\/mala-ksiazka-wielki-czlowiek-logo-768x590.png 768w\" sizes=\"(max-width: 252px) 100vw, 252px\" \/><\/figure><\/div>\n\n\n\n<p>Kampania spo\u0142eczna\u00a0<strong>\u201eMa\u0142a ksi\u0105\u017cka &#8211; wielki cz\u0142owiek\u201d<\/strong>\u00a0przypomina o korzy\u015bciach wynikaj\u0105cych ze wsp\u00f3lnego, rodzinnego czytania ju\u017c od pierwszych miesi\u0119cy \u017cycia dziecka. Zosta\u0142a przygotowana w zwi\u0105zku z og\u00f3lnopolsk\u0105 akcj\u0105, w ramach kt\u00f3rej m\u0142odzi rodzice na oddzia\u0142ach po\u0142o\u017cniczych otrzymaj\u0105 wyj\u0105tkowe Wyprawki Czytelnicze.<\/p>\n\n\n\n<p>Wierzymy, \u017ce \u201eczytelnictwo\u201d zaczyna si\u0119 od ko\u0142yski, na d\u0142ugo przed dniem, w kt\u00f3rym dziecko zacznie samodzielnie sk\u0142ada\u0107 litery. Dobrze dobrane ksi\u0105\u017cki rozwijaj\u0105 jego umys\u0142 i emocje, kszta\u0142tuj\u0105 kompetencje j\u0119zykowe, zakorzeniaj\u0105 w kulturze i rozbudzaj\u0105 wyobra\u017ani\u0119.<\/p>\n\n\n\n<p>Wsp\u00f3lna lektura mo\u017ce sta\u0107 si\u0119 nie tylko wielk\u0105 przyjemno\u015bci\u0105, ale przede wszystkim wspania\u0142\u0105 okazj\u0105 do budowania blisko\u015bci oraz silnych i trwa\u0142ych wi\u0119zi rodzinnych. Czytaj\u0105c swojemu Maluszkowi, wp\u0142ywasz na jego przysz\u0142o\u015b\u0107 i pomagasz mu osi\u0105gn\u0105\u0107 sukces.<\/p>\n\n\n\n<div class=\"wp-block-image\"><figure class=\"aligncenter size-full is-resized\"><img decoding=\"async\" loading=\"lazy\" src=\"https:\/\/biblioteka.laziska.pl\/wp-content\/uploads\/2021\/11\/ksiazka-okladka-rozkladowka.png\" alt=\"\" class=\"wp-image-902\" width=\"500\" height=\"410\" srcset=\"https:\/\/biblioteka.laziska.pl\/wp-content\/uploads\/2021\/11\/ksiazka-okladka-rozkladowka.png 1000w, https:\/\/biblioteka.laziska.pl\/wp-content\/uploads\/2021\/11\/ksiazka-okladka-rozkladowka-300x246.png 300w, https:\/\/biblioteka.laziska.pl\/wp-content\/uploads\/2021\/11\/ksiazka-okladka-rozkladowka-768x629.png 768w\" sizes=\"(max-width: 500px) 100vw, 500px\" \/><\/figure><\/div>\n\n\n<p class=\"text-justify\">Wyprawki Czytelnicze dla trzylatk\u00f3w mo\u017cna odebra\u0107 w prawie 3 tys. bibliotek, kt\u00f3re zg\u0142osi\u0142y si\u0119 do projektu. W ramach tegorocznej akcji planujemy rozda\u0107 oko\u0142o 100 tys. Wyprawek na terenie ca\u0142ej Polski.<\/p>\n<p class=\"text-justify\">Kampania spo\u0142eczna&nbsp;<strong>\u201eMa\u0142a ksi\u0105\u017cka \u2013 wielki cz\u0142owiek\u201d<\/strong>&nbsp;zosta\u0142a dofinansowana przez Ministerstwo Kultury i Dziedzictwa Narodowego w ramach Narodowego Programu Rozwoju Czytelnictwa.<\/p>\n\n\n<p><\/p>\n\n\n\n<p><\/p>\n","protected":false},"excerpt":{"rendered":"<p>Kampania spo\u0142eczna\u00a0\u201eMa\u0142a ksi\u0105\u017cka &#8211; wielki cz\u0142owiek\u201d\u00a0przypomina o korzy\u015bciach wynikaj\u0105cych ze wsp\u00f3lnego, rodzinnego czytania ju\u017c od pierwszych miesi\u0119cy \u017cycia dziecka. Zosta\u0142a przygotowana w zwi\u0105zku z og\u00f3lnopolsk\u0105<\/p>\n","protected":false},"author":1,"featured_media":0,"parent":0,"menu_order":0,"comment_status":"closed","ping_status":"closed","template":"","meta":{"ngg_post_thumbnail":0},"_links":{"self":[{"href":"https:\/\/biblioteka.laziska.pl\/index.php\/wp-json\/wp\/v2\/pages\/898"}],"collection":[{"href":"https:\/\/biblioteka.laziska.pl\/index.php\/wp-json\/wp\/v2\/pages"}],"about":[{"href":"https:\/\/biblioteka.laziska.pl\/index.php\/wp-json\/wp\/v2\/types\/page"}],"author":[{"embeddable":true,"href":"https:\/\/biblioteka.laziska.pl\/index.php\/wp-json\/wp\/v2\/users\/1"}],"replies":[{"embeddable":true,"href":"https:\/\/biblioteka.laziska.pl\/index.php\/wp-json\/wp\/v2\/comments?post=898"}],"version-history":[{"count":2,"href":"https:\/\/biblioteka.laziska.pl\/index.php\/wp-json\/wp\/v2\/pages\/898\/revisions"}],"predecessor-version":[{"id":904,"href":"https:\/\/biblioteka.laziska.pl\/index.php\/wp-json\/wp\/v2\/pages\/898\/revisions\/904"}],"wp:attachment":[{"href":"https:\/\/biblioteka.laziska.pl\/index.php\/wp-json\/wp\/v2\/media?parent=898"}],"curies":[{"name":"wp","href":"https:\/\/api.w.org\/{rel}","templated":true}]}}